{"id":258,"date":"2021-06-24T10:17:40","date_gmt":"2021-06-24T14:17:40","guid":{"rendered":"http:\/\/ayuntamiento.o\/transparencia\/?page_id=258"},"modified":"2024-09-04T13:14:31","modified_gmt":"2024-09-04T17:14:31","slug":"responsable-de-acceso-a-la-informacion","status":"publish","type":"page","link":"https:\/\/ayuntamientogasparhernandez.gob.do\/transparencia\/responsable-de-acceso-a-la-informacion\/","title":{"rendered":"Responsable de Acceso a la Informaci\u00f3n"},"content":{"rendered":"\n<p><br><b>Responsable de Acceso a la Informaci\u00f3n (RAI)<\/b><\/p>\n\n\n\n<div class=\"wp-block-file\"><object class=\"wp-block-file__embed\" data=\"http:\/\/ayuntamientogasparhernandez.gob.do\/transparencia\/wp-content\/uploads\/2023\/01\/Dominio-GOB.pdf\" type=\"application\/pdf\" style=\"width:100%;height:200px\" aria-label=\"Incrustado de Dominio GOB.\"><\/object><a id=\"wp-block-file--media-17b05ea2-81f9-4c49-be71-41a6936f6aea\" href=\"http:\/\/ayuntamientogasparhernandez.gob.do\/transparencia\/wp-content\/uploads\/2023\/01\/Dominio-GOB.pdf\">Dominio GOB<\/a><a href=\"http:\/\/ayuntamientogasparhernandez.gob.do\/transparencia\/wp-content\/uploads\/2023\/01\/Dominio-GOB.pdf\" class=\"wp-block-file__button\" download aria-describedby=\"wp-block-file--media-17b05ea2-81f9-4c49-be71-41a6936f6aea\">Descarga<\/a><\/div>\n\n\n\n<figure class=\"wp-block-image size-large\"><img loading=\"lazy\" width=\"700\" height=\"600\" src=\"https:\/\/ayuntamientogasparhernandez.gob.do\/transparencia\/wp-content\/uploads\/2024\/09\/foto-lenilsa-RAI-700x600.jpeg\" alt=\"\" class=\"wp-image-2556\" srcset=\"https:\/\/ayuntamientogasparhernandez.gob.do\/transparencia\/wp-content\/uploads\/2024\/09\/foto-lenilsa-RAI-700x600.jpeg 700w, https:\/\/ayuntamientogasparhernandez.gob.do\/transparencia\/wp-content\/uploads\/2024\/09\/foto-lenilsa-RAI-250x214.jpeg 250w, https:\/\/ayuntamientogasparhernandez.gob.do\/transparencia\/wp-content\/uploads\/2024\/09\/foto-lenilsa-RAI-768x659.jpeg 768w, https:\/\/ayuntamientogasparhernandez.gob.do\/transparencia\/wp-content\/uploads\/2024\/09\/foto-lenilsa-RAI-120x103.jpeg 120w, https:\/\/ayuntamientogasparhernandez.gob.do\/transparencia\/wp-content\/uploads\/2024\/09\/foto-lenilsa-RAI.jpeg 1151w\" sizes=\"(max-width: 700px) 100vw, 700px\" \/><\/figure>\n\n\n\n<p>C<strong>ontacto Responsable de Acceso a la Informaci\u00f3n<\/strong><\/p>\n\n\n\n<p><strong>LENILSA VILORIO GIL<\/strong><\/p>\n\n\n\n<p>C. Libertad Calle, Gaspar Hern\u00e1ndez 56000.<br>Tel\u00e9fono: 829-392-4602\/849-390-6788<\/p>\n\n\n\n<p>TEL. 829-392-4602\/ OFICINA: 849-390-6788<\/p>\n\n\n\n<p><strong>Email:<\/strong> alcaldiagh01@gmail.com <\/p>\n\n\n\n<p><strong>Web:<\/strong> https:\/\/ayuntamientogasparhernandez.gob.do\/<\/p>\n\n\n\n<p><strong>Facebook:<\/strong><a href=\"https:\/\/www.facebook.com\/ayuntamientogh\/\" data-type=\"URL\" data-id=\"https:\/\/www.facebook.com\/ayuntamientogh\/\"> Ayuntamiento de Gaspar Hern\u00e1ndez 2024-2028<\/a><\/p>\n\n\n\n<p><strong>Twitter<\/strong>: <a rel=\"noreferrer noopener\" href=\"https:\/\/x.com\/Ayuntamiento_gh\" target=\"_blank\">Ayuntamiento Gaspar Hern\u00e1ndez <\/a><\/p>\n\n\n\n<p><strong>Instagram:<\/strong> <a rel=\"noreferrer noopener\" href=\"https:\/\/www.instagram.com\/ayuntamiento_gh\/\" target=\"_blank\">ayuntamiento_gh <\/a><\/p>\n\n\n\n<p><strong>YouTube:<\/strong> <strong><a rel=\"noreferrer noopener\" href=\"https:\/\/www.youtube.com\/@ayuntamientogasparhernande9404\" target=\"_blank\">Ayuntamiento Gaspar Hern\u00e1ndez<\/a><\/strong><\/p>\n\n\n\n<p><strong>FLICKR:<\/strong> <a rel=\"noreferrer noopener\" href=\"https:\/\/www.flickr.com\/people\/200700858@N06\/\" target=\"_blank\">Alcaldia Gaspar Hernandez<\/a><\/p>\n\n\n\n<p><\/p>\n\n\n\n<figure class=\"wp-block-gallery has-nested-images columns-default is-cropped\">\n<figure class=\"wp-block-image size-large\"><img loading=\"lazy\" width=\"700\" height=\"1011\" data-id=\"1568\"  src=\"https:\/\/ayuntamientogasparhernandez.gob.do\/transparencia\/wp-content\/uploads\/2022\/09\/4f40b8f5-34c2-4428-b880-cca44d3d439c-700x1011.jpg\" alt=\"\" class=\"wp-image-1568\" srcset=\"https:\/\/ayuntamientogasparhernandez.gob.do\/transparencia\/wp-content\/uploads\/2022\/09\/4f40b8f5-34c2-4428-b880-cca44d3d439c-700x1011.jpg 700w, https:\/\/ayuntamientogasparhernandez.gob.do\/transparencia\/wp-content\/uploads\/2022\/09\/4f40b8f5-34c2-4428-b880-cca44d3d439c-250x361.jpg 250w, https:\/\/ayuntamientogasparhernandez.gob.do\/transparencia\/wp-content\/uploads\/2022\/09\/4f40b8f5-34c2-4428-b880-cca44d3d439c-768x1110.jpg 768w, https:\/\/ayuntamientogasparhernandez.gob.do\/transparencia\/wp-content\/uploads\/2022\/09\/4f40b8f5-34c2-4428-b880-cca44d3d439c-120x173.jpg 120w, https:\/\/ayuntamientogasparhernandez.gob.do\/transparencia\/wp-content\/uploads\/2022\/09\/4f40b8f5-34c2-4428-b880-cca44d3d439c.jpg 942w\" sizes=\"(max-width: 700px) 100vw, 700px\" \/><\/figure>\n\n\n\n<figure class=\"wp-block-image size-large\"><img loading=\"lazy\" width=\"700\" height=\"850\" data-id=\"1569\"  src=\"https:\/\/ayuntamientogasparhernandez.gob.do\/transparencia\/wp-content\/uploads\/2022\/09\/IMG_20220915_115921-1-700x850.jpg\" alt=\"\" class=\"wp-image-1569\" srcset=\"https:\/\/ayuntamientogasparhernandez.gob.do\/transparencia\/wp-content\/uploads\/2022\/09\/IMG_20220915_115921-1-700x850.jpg 700w, https:\/\/ayuntamientogasparhernandez.gob.do\/transparencia\/wp-content\/uploads\/2022\/09\/IMG_20220915_115921-1-250x304.jpg 250w, https:\/\/ayuntamientogasparhernandez.gob.do\/transparencia\/wp-content\/uploads\/2022\/09\/IMG_20220915_115921-1-768x932.jpg 768w, https:\/\/ayuntamientogasparhernandez.gob.do\/transparencia\/wp-content\/uploads\/2022\/09\/IMG_20220915_115921-1-1265x1536.jpg 1265w, https:\/\/ayuntamientogasparhernandez.gob.do\/transparencia\/wp-content\/uploads\/2022\/09\/IMG_20220915_115921-1-1687x2048.jpg 1687w, https:\/\/ayuntamientogasparhernandez.gob.do\/transparencia\/wp-content\/uploads\/2022\/09\/IMG_20220915_115921-1-120x146.jpg 120w\" sizes=\"(max-width: 700px) 100vw, 700px\" \/><\/figure>\n<\/figure>\n\n\n","protected":false},"excerpt":{"rendered":"Responsable de Acceso a la Informaci\u00f3n (RAI) Contacto Responsable de Acceso a la Informaci\u00f3n LENILSA VILORIO GIL C. Libertad Calle, Gaspar Hern\u00e1ndez 56000.Tel\u00e9fono: 829-392-4602\/849-390-6788 TEL. 829-392-4602\/ OFICINA: 849-390-6788 Email: alcaldiagh01@gmail.com Web: https:\/\/ayuntamientogasparhernandez.gob.do\/ Facebook: Ayuntamiento de Gaspar Hern\u00e1ndez 2024-2028 Twitter: Ayuntamiento Gaspar Hern\u00e1ndez Instagram: ayuntamiento_gh YouTube: Ayuntamiento Gaspar Hern\u00e1ndez FLICKR: Alcaldia Gaspar Hernandez","protected":false},"author":3,"featured_media":659,"parent":0,"menu_order":0,"comment_status":"closed","ping_status":"closed","template":"","meta":[],"_links":{"self":[{"href":"https:\/\/ayuntamientogasparhernandez.gob.do\/transparencia\/wp-json\/wp\/v2\/pages\/258"}],"collection":[{"href":"https:\/\/ayuntamientogasparhernandez.gob.do\/transparencia\/wp-json\/wp\/v2\/pages"}],"about":[{"href":"https:\/\/ayuntamientogasparhernandez.gob.do\/transparencia\/wp-json\/wp\/v2\/types\/page"}],"author":[{"embeddable":true,"href":"https:\/\/ayuntamientogasparhernandez.gob.do\/transparencia\/wp-json\/wp\/v2\/users\/3"}],"replies":[{"embeddable":true,"href":"https:\/\/ayuntamientogasparhernandez.gob.do\/transparencia\/wp-json\/wp\/v2\/comments?post=258"}],"version-history":[{"count":12,"href":"https:\/\/ayuntamientogasparhernandez.gob.do\/transparencia\/wp-json\/wp\/v2\/pages\/258\/revisions"}],"predecessor-version":[{"id":2557,"href":"https:\/\/ayuntamientogasparhernandez.gob.do\/transparencia\/wp-json\/wp\/v2\/pages\/258\/revisions\/2557"}],"wp:featuredmedia":[{"embeddable":true,"href":"https:\/\/ayuntamientogasparhernandez.gob.do\/transparencia\/wp-json\/wp\/v2\/media\/659"}],"wp:attachment":[{"href":"https:\/\/ayuntamientogasparhernandez.gob.do\/transparencia\/wp-json\/wp\/v2\/media?parent=258"}],"curies":[{"name":"wp","href":"https:\/\/api.w.org\/{rel}","templated":true}]}}